{"id":100,"date":"2020-06-25T06:45:59","date_gmt":"2020-06-25T04:45:59","guid":{"rendered":"http:\/\/sekratec.de\/huehnerstall\/?page_id=100"},"modified":"2021-07-04T09:43:41","modified_gmt":"2021-07-04T07:43:41","slug":"ueber-uns","status":"publish","type":"page","link":"https:\/\/huehnerstall.com\/?page_id=100","title":{"rendered":"\u00dcber uns"},"content":{"rendered":"<div id=\"matrix_1025031373\" class=\"sortable-matrix\" data-matrixid=\"1025031373\">\n<div class=\"n module-type-text diyfeLiveArea \">\n<p><strong>Wir bieten Unterhaltung auf 2 Etagen:<\/strong><\/p>\n<p>Unser rustikal eingerichtetes <strong>Kellergeschoss<\/strong> ist ideal f\u00fcr Firmen- und Familienfeiern (55 Sitzpl\u00e4tze).&nbsp; Es verf\u00fcgt \u00fcber eine Bar, einen eigenen Bierausschank, eine B\u00fchne und Tanzfl\u00e4che mit Lichtanlage. Wer Lust auf Fun hat, findet hier 2 Billardtische, Darts und Spielautomat.<\/p>\n<p>&nbsp;<\/p>\n<p><span class=\"txt10a\">Im oberen <strong>Gastraum<\/strong> (35 Sitzpl\u00e4tze), der auch rustikal mit Naturholz eingerichtet ist, sind ebenfalls Bar, Tanzfl\u00e4che und Restaurant vorhanden.<\/span><\/p>\n<p><span class=\"txt10a\">Unsere <strong>Kantine<\/strong> \u00f6ffnet an Wochentagen von 08:00 &#8211; 14:00 Uhr. Bei uns wird alles frisch in eigener K\u00fcche zubereitet. Der Speiseplan kommt 14 T\u00e4gig heraus, mit t\u00e4glich wechselnden Hauptspeisen ab 3,70 \u20ac in sch\u00f6nem Ambiente. Alle Speisen sind auch zum mitnehmen oder werden frei Haus in Spremberg geliefert!<\/span><\/p>\n<p>&nbsp;<\/p>\n<p><span class=\"txt10a\">Die <strong>Terrasse<\/strong> bietet 55 Sitzpl\u00e4tze mit Blick auf ein St\u00fcck Spremberger Geschehen. <strong>Parkpl\u00e4tze<\/strong> findet Ihr direkt vor dem H\u00fchnerstall.<\/span><\/p>\n<p>&nbsp;<\/p>\n<p><span class=\"txt10a\"><strong>\u00d6ffnungszeiten:<\/strong><br \/>\nH\u00fchnerstall:&nbsp;&nbsp;&nbsp;&nbsp;<br \/>\nSonntag bis Donnerstag von 17.00 Uhr bis mindestens 22.00 Uhr<br \/>\n<\/span><span class=\"txt10a\">Freitag, Samstag und vor Feiertagen bis mindestens 1.00 Uhr<\/span><\/p>\n<p><span class=\"txt10a\">Kantine:&nbsp; &nbsp; &nbsp; &nbsp;<br \/>\nMontag bis Samstag von 08.00Uhr &#8211; 14.00Uhr<\/span><\/p>\n<\/div>\n<\/div>\n","protected":false},"excerpt":{"rendered":"<p>Wir bieten Unterhaltung auf 2 Etagen: Unser rustikal eingerichtetes Kellergeschoss ist ideal f\u00fcr Firmen- und Familienfeiern (55 Sitzpl\u00e4tze).&nbsp; Es verf\u00fcgt \u00fcber eine Bar, einen eigenen Bierausschank, eine B\u00fchne und Tanzfl\u00e4che mit Lichtanlage. Wer Lust auf Fun hat, findet hier 2 Billardtische, Darts und Spielautomat. &nbsp; Im oberen Gastraum (35 Sitzpl\u00e4tze), der auch rustikal mit Naturholz eingerichtet ist, sind ebenfalls Bar, [&hellip;]<\/p>\n","protected":false},"author":1,"featured_media":0,"parent":0,"menu_order":0,"comment_status":"closed","ping_status":"closed","template":"","meta":{"ngg_post_thumbnail":0},"acf":[],"_links":{"self":[{"href":"https:\/\/huehnerstall.com\/index.php?rest_route=\/wp\/v2\/pages\/100"}],"collection":[{"href":"https:\/\/huehnerstall.com\/index.php?rest_route=\/wp\/v2\/pages"}],"about":[{"href":"https:\/\/huehnerstall.com\/index.php?rest_route=\/wp\/v2\/types\/page"}],"author":[{"embeddable":true,"href":"https:\/\/huehnerstall.com\/index.php?rest_route=\/wp\/v2\/users\/1"}],"replies":[{"embeddable":true,"href":"https:\/\/huehnerstall.com\/index.php?rest_route=%2Fwp%2Fv2%2Fcomments&post=100"}],"version-history":[{"count":6,"href":"https:\/\/huehnerstall.com\/index.php?rest_route=\/wp\/v2\/pages\/100\/revisions"}],"predecessor-version":[{"id":892,"href":"https:\/\/huehnerstall.com\/index.php?rest_route=\/wp\/v2\/pages\/100\/revisions\/892"}],"wp:attachment":[{"href":"https:\/\/huehnerstall.com\/index.php?rest_route=%2Fwp%2Fv2%2Fmedia&parent=100"}],"curies":[{"name":"wp","href":"https:\/\/api.w.org\/{rel}","templated":true}]}}