{"id":186,"date":"2020-07-06T14:18:39","date_gmt":"2020-07-06T12:18:39","guid":{"rendered":"http:\/\/sekratec.de\/huehnerstall\/?page_id=186"},"modified":"2021-10-12T15:53:32","modified_gmt":"2021-10-12T13:53:32","slug":"essenbestellung","status":"publish","type":"page","link":"https:\/\/huehnerstall.com\/?page_id=186","title":{"rendered":"Essenbestellung"},"content":{"rendered":"<p>Wir liefern t\u00e4glich von Montag bis Freitag 11:30 Uhr bis 13 Uhr innerhalb von Spremberg (auch Schwarze Pumpe, Sellessen) frei Haus. Sie erhalten Ihr Essen frisch auf dem Teller in Thermoboxen und bezahlen wahlweise t\u00e4glich oder w\u00f6chentlich. Bestellungen werden t\u00e4glich bis 10 Uhr angenommen. Sie k\u00f6nnen aber auch bequem f\u00fcr die ganze Woche oder einzelne Tage bestellen.<\/p>\n<p>W\u00e4hlen Sie aus unserer <a href=\"https:\/\/huehnerstall.com\/?page_id=319\">w\u00f6chentlichen Speisekarte<\/a> oder unserem <a href=\"https:\/\/huehnerstall.com\/?page_id=423\">t\u00e4glichen Angebot<\/a>.<\/p>\n<p><strong>Wie kann ich bestellen?<\/strong><\/p>\n<p>Per Telefon: 03563-5937247<\/p>\n<p>Per E-Mail an: kantine@huehnerstall.com<\/p>\n<p>Oder Sie bestellen einfach online<\/p>\n<ul>\n<li><a href=\"https:\/\/huehnerstall.com\/?page_id=319\">Mittagstisch<\/a><\/li>\n<li><a href=\"https:\/\/huehnerstall.com\/?page_id=423\">T\u00e4gliches Angebot<\/a><\/li>\n<\/ul>\n<p>Hier k\u00f6nnen Sie unseren <a href=\"https:\/\/huehnerstall.com\/wp-content\/uploads\/2020\/06\/Speiseplan_bestellen.pdf\">Bestellplan zum Ausf\u00fcllen<\/a> herunterladen und uns einfach per Mail (Kantine@huehnerstall.com) schicken, bei uns im Haus abgeben oder dem Fahrer bei der n\u00e4chsten Auslieferung mitgeben.<\/p>\n","protected":false},"excerpt":{"rendered":"<p>Wir liefern t\u00e4glich von Montag bis Freitag 11:30 Uhr bis 13 Uhr innerhalb von Spremberg (auch Schwarze Pumpe, Sellessen) frei Haus. Sie erhalten Ihr Essen frisch auf dem Teller in Thermoboxen und bezahlen wahlweise t\u00e4glich oder w\u00f6chentlich. Bestellungen werden t\u00e4glich bis 10 Uhr angenommen. Sie k\u00f6nnen aber auch bequem f\u00fcr die ganze Woche oder einzelne Tage bestellen. W\u00e4hlen Sie aus [&hellip;]<\/p>\n","protected":false},"author":1,"featured_media":0,"parent":0,"menu_order":0,"comment_status":"closed","ping_status":"closed","template":"","meta":{"ngg_post_thumbnail":0},"acf":[],"_links":{"self":[{"href":"https:\/\/huehnerstall.com\/index.php?rest_route=\/wp\/v2\/pages\/186"}],"collection":[{"href":"https:\/\/huehnerstall.com\/index.php?rest_route=\/wp\/v2\/pages"}],"about":[{"href":"https:\/\/huehnerstall.com\/index.php?rest_route=\/wp\/v2\/types\/page"}],"author":[{"embeddable":true,"href":"https:\/\/huehnerstall.com\/index.php?rest_route=\/wp\/v2\/users\/1"}],"replies":[{"embeddable":true,"href":"https:\/\/huehnerstall.com\/index.php?rest_route=%2Fwp%2Fv2%2Fcomments&post=186"}],"version-history":[{"count":14,"href":"https:\/\/huehnerstall.com\/index.php?rest_route=\/wp\/v2\/pages\/186\/revisions"}],"predecessor-version":[{"id":1023,"href":"https:\/\/huehnerstall.com\/index.php?rest_route=\/wp\/v2\/pages\/186\/revisions\/1023"}],"wp:attachment":[{"href":"https:\/\/huehnerstall.com\/index.php?rest_route=%2Fwp%2Fv2%2Fmedia&parent=186"}],"curies":[{"name":"wp","href":"https:\/\/api.w.org\/{rel}","templated":true}]}}