{"id":238,"date":"2020-07-07T09:51:59","date_gmt":"2020-07-07T07:51:59","guid":{"rendered":"http:\/\/huehnerstall.com\/?page_id=238"},"modified":"2020-07-07T10:03:48","modified_gmt":"2020-07-07T08:03:48","slug":"terrasse","status":"publish","type":"page","link":"https:\/\/huehnerstall.com\/?page_id=238","title":{"rendered":"Terrasse"},"content":{"rendered":"<p><span class=\"txt10a\">Die <strong>Terrasse<\/strong> bietet 55 Sitzpl\u00e4tze mit Blick auf ein St\u00fcck Spremberger Geschehen.&nbsp;<\/span><\/p>\n<p>Ob zum Fr\u00fchst\u00fcck, Mittag oder Abendessen &#8211; scheint die Sonne, ist unsere Terrasse f\u00fcr Sie ge\u00f6ffnet.<\/p>\n<!-- default-view.php -->\n<div\n\tclass=\"ngg-galleryoverview default-view \"\n\tid=\"ngg-gallery-33245cef03aac5b02637e09687ac0232-1\">\n\n\t\t<!-- Thumbnails -->\n\t\t\t\t<div id=\"ngg-image-0\" class=\"ngg-gallery-thumbnail-box \" >\n\t\t\t\t        <div class=\"ngg-gallery-thumbnail\">\n            <a href=\"https:\/\/huehnerstall.com\/wp-content\/gallery\/galerie\/cache_2479637279.JPG\"\n               title=\"\"\n               data-src=\"https:\/\/huehnerstall.com\/wp-content\/gallery\/galerie\/cache_2479637279.JPG\"\n               data-thumbnail=\"https:\/\/huehnerstall.com\/wp-content\/gallery\/galerie\/thumbs\/thumbs_cache_2479637279.JPG\"\n               data-image-id=\"1\"\n               data-title=\"Terrasse\"\n               data-description=\"\"\n               data-image-slug=\"cache_2479637279\"\n               class=\"ngg-simplelightbox\" rel=\"33245cef03aac5b02637e09687ac0232\">\n                <img\n                    title=\"Terrasse\"\n                    alt=\"Terrasse\"\n                    src=\"https:\/\/huehnerstall.com\/wp-content\/gallery\/galerie\/thumbs\/thumbs_cache_2479637279.JPG\"\n                    width=\"240\"\n                    height=\"160\"\n                    style=\"max-width:100%;\"\n                \/>\n            <\/a>\n        <\/div>\n\t\t\t\t\t\t\t<\/div> \n\t\t\t\n\t\t\t\t<div id=\"ngg-image-1\" class=\"ngg-gallery-thumbnail-box \" >\n\t\t\t\t        <div class=\"ngg-gallery-thumbnail\">\n            <a href=\"https:\/\/huehnerstall.com\/wp-content\/gallery\/galerie\/cache_2479637277.JPG\"\n               title=\"\"\n               data-src=\"https:\/\/huehnerstall.com\/wp-content\/gallery\/galerie\/cache_2479637277.JPG\"\n               data-thumbnail=\"https:\/\/huehnerstall.com\/wp-content\/gallery\/galerie\/thumbs\/thumbs_cache_2479637277.JPG\"\n               data-image-id=\"2\"\n               data-title=\"Terrasse\"\n               data-description=\"\"\n               data-image-slug=\"cache_2479637277\"\n               class=\"ngg-simplelightbox\" rel=\"33245cef03aac5b02637e09687ac0232\">\n                <img\n                    title=\"Terrasse\"\n                    alt=\"Terrasse\"\n                    src=\"https:\/\/huehnerstall.com\/wp-content\/gallery\/galerie\/thumbs\/thumbs_cache_2479637277.JPG\"\n                    width=\"240\"\n                    height=\"160\"\n                    style=\"max-width:100%;\"\n                \/>\n            <\/a>\n        <\/div>\n\t\t\t\t\t\t\t<\/div> \n\t\t\t\n\t\t\t\t<div id=\"ngg-image-2\" class=\"ngg-gallery-thumbnail-box \" >\n\t\t\t\t        <div class=\"ngg-gallery-thumbnail\">\n            <a href=\"https:\/\/huehnerstall.com\/wp-content\/gallery\/galerie\/cache_2479637278.JPG\"\n               title=\"\"\n               data-src=\"https:\/\/huehnerstall.com\/wp-content\/gallery\/galerie\/cache_2479637278.JPG\"\n               data-thumbnail=\"https:\/\/huehnerstall.com\/wp-content\/gallery\/galerie\/thumbs\/thumbs_cache_2479637278.JPG\"\n               data-image-id=\"3\"\n               data-title=\"Terrasse\"\n               data-description=\"\"\n               data-image-slug=\"cache_2479637278\"\n               class=\"ngg-simplelightbox\" rel=\"33245cef03aac5b02637e09687ac0232\">\n                <img\n                    title=\"Terrasse\"\n                    alt=\"Terrasse\"\n                    src=\"https:\/\/huehnerstall.com\/wp-content\/gallery\/galerie\/thumbs\/thumbs_cache_2479637278.JPG\"\n                    width=\"240\"\n                    height=\"160\"\n                    style=\"max-width:100%;\"\n                \/>\n            <\/a>\n        <\/div>\n\t\t\t\t\t\t\t<\/div> \n\t\t\t\n\t\n\t<br style=\"clear: both\" \/>\n\n\t\n\t\t<!-- Pagination -->\n\t<div class='ngg-clear'><\/div>\t<\/div>\n\n","protected":false},"excerpt":{"rendered":"<p>Die Terrasse bietet 55 Sitzpl\u00e4tze mit Blick auf ein St\u00fcck Spremberger Geschehen.&nbsp; Ob zum Fr\u00fchst\u00fcck, Mittag oder Abendessen &#8211; scheint die Sonne, ist unsere Terrasse f\u00fcr Sie ge\u00f6ffnet.<\/p>\n","protected":false},"author":1,"featured_media":0,"parent":0,"menu_order":0,"comment_status":"closed","ping_status":"closed","template":"","meta":{"ngg_post_thumbnail":0},"acf":[],"_links":{"self":[{"href":"https:\/\/huehnerstall.com\/index.php?rest_route=\/wp\/v2\/pages\/238"}],"collection":[{"href":"https:\/\/huehnerstall.com\/index.php?rest_route=\/wp\/v2\/pages"}],"about":[{"href":"https:\/\/huehnerstall.com\/index.php?rest_route=\/wp\/v2\/types\/page"}],"author":[{"embeddable":true,"href":"https:\/\/huehnerstall.com\/index.php?rest_route=\/wp\/v2\/users\/1"}],"replies":[{"embeddable":true,"href":"https:\/\/huehnerstall.com\/index.php?rest_route=%2Fwp%2Fv2%2Fcomments&post=238"}],"version-history":[{"count":3,"href":"https:\/\/huehnerstall.com\/index.php?rest_route=\/wp\/v2\/pages\/238\/revisions"}],"predecessor-version":[{"id":254,"href":"https:\/\/huehnerstall.com\/index.php?rest_route=\/wp\/v2\/pages\/238\/revisions\/254"}],"wp:attachment":[{"href":"https:\/\/huehnerstall.com\/index.php?rest_route=%2Fwp%2Fv2%2Fmedia&parent=238"}],"curies":[{"name":"wp","href":"https:\/\/api.w.org\/{rel}","templated":true}]}}