{"id":308,"date":"2020-07-11T21:42:04","date_gmt":"2020-07-11T19:42:04","guid":{"rendered":"https:\/\/huehnerstall.com\/?page_id=308"},"modified":"2020-07-12T15:57:08","modified_gmt":"2020-07-12T13:57:08","slug":"agb","status":"publish","type":"page","link":"https:\/\/huehnerstall.com\/?page_id=308","title":{"rendered":"Allgemeine Gesch\u00e4ftsbedingungen"},"content":{"rendered":"<h3 class=\"h3\">Allgemeine Gesch\u00e4ftsbedingungen<\/h3>\n<ul class=\"m-bulletpoint\">\n<li><b>Geltungsbereich<br \/>\n<\/b>F\u00fcr alle Lieferungen von Huehnerstall.com (nachfolgend H\u00fchnerstall) an Verbraucher gelten diese Allgemeinen Gesch\u00e4ftsbedingungen (AGB).<br \/>\nVerbraucher ist jede nat\u00fcrliche Person, die ein Rechtsgesch\u00e4ft zu einem Zwecke abschlie\u00dft, der \u00fcberwiegend weder ihrer gewerblichen noch ihrer selbstst\u00e4ndigen beruflichen T\u00e4tigkeit zugerechnet werden kann.<\/li>\n<li><b>Vertragspartner<br \/>\n<\/b>Der Kaufvertrag kommt zustande mit H\u00fchnerstall, Inhaber: DLV Germany GmbH, Am Markt 4, 03130 Spremberg, Handelsregister: Registergericht Cottbus, HRB 8141.<\/li>\n<li><b>Vertragsschluss<\/b>\n<ul>\n<li>Die Darstellung der Produkte im Online-Shop stellt kein rechtlich bindendes Angebot, sondern nur eine Aufforderung zur Bestellung dar.<\/li>\n<li>Durch Anklicken des Buttons [Kaufen\/kostenpflichtig bestellen] geben Sie eine verbindliche Bestellung der auf der Bestellseite aufgelisteten Waren ab. Ihr Kaufvertrag kommt zustande, wenn wir Ihre Bestellung durch eine Auftragsbest\u00e4tigung per E-Mail unmittelbar nach dem Erhalt Ihrer Bestellung annehmen.<\/li>\n<\/ul>\n<\/li>\n<li><b>Widerrufsrecht<\/b>\n<ul>\n<li><span class=\"ILfuVd\"><span class=\"e24Kjd\">Ein Widerruf ist bei bestelltem Essen nicht m\u00f6glich. Wer bei einem Lieferdienst zubereitete Gerichte bestellt, hat kein Widerrufsrecht. Bei Waren, die schnell verderben k\u00f6nnen, schlie\u00dft der Gesetzgeber ein solches Recht aus<\/span><\/span><b><br \/>\n<\/b><\/li>\n<\/ul>\n<\/li>\n<li><b>Preise und Versandkosten<\/b>\n<ul>\n<li>Die auf den Produktseiten genannten Preise enthalten die gesetzliche Mehrwertsteuer und sonstige Preisbestandteile.<\/li>\n<\/ul>\n<\/li>\n<li><b>Lieferung<\/b>\n<ul>\n<li>Die Lieferung erfolgt nur innerhalb Sprembergs und den eingemeindeten Ortschaften Schwarze Pumpe und Sellessen.<\/li>\n<li>Geliefert wird t\u00e4glich zwischen 11:30 Uhr und 13.00 Uhr.<\/li>\n<\/ul>\n<\/li>\n<\/ul>\n<ul class=\"m-bulletpoint\">\n<li><b>Zahlung <\/b>\n<ul>\n<li>Die Zahlung erfolgt wahlweise t\u00e4glich oder w\u00f6chentlich per Barzahlung oder online per Paypal.<\/li>\n<\/ul>\n<\/li>\n<\/ul>\n<ul class=\"m-bulletpoint\">\n<li><b>Eigentumsvorbehalt<\/b>\n<ul>\n<li>Bis zur vollst\u00e4ndigen Zahlung bleibt die Ware unser Eigentum.<\/li>\n<\/ul>\n<\/li>\n<\/ul>\n<ul class=\"m-bulletpoint\">\n<li><b>Streitbeilegung<\/b>\n<ul>\n<li>Die EU-Kommission hat eine Internetplattform zur Online-Beilegung von Streitigkeiten geschaffen. Die Plattform dient als Anlaufstelle zur au\u00dfergerichtlichen Beilegung von Streitigkeiten betreffend vertragliche Verpflichtungen, die aus Online-Kaufvertr\u00e4gen erwachsen. N\u00e4here Informationen sind unter dem folgenden Link verf\u00fcgbar: http:\/\/ec.europa.eu\/consumers\/odr. Zur Teilnahme an einem Streitbeilegungsverfahren vor einer Verbraucherschlichtungsstelle sind wir weder bereit noch verpflichtet.<\/li>\n<\/ul>\n<\/li>\n<\/ul>\n","protected":false},"excerpt":{"rendered":"<p>Allgemeine Gesch\u00e4ftsbedingungen Geltungsbereich F\u00fcr alle Lieferungen von Huehnerstall.com (nachfolgend H\u00fchnerstall) an Verbraucher gelten diese Allgemeinen Gesch\u00e4ftsbedingungen (AGB). Verbraucher ist jede nat\u00fcrliche Person, die ein Rechtsgesch\u00e4ft zu einem Zwecke abschlie\u00dft, der \u00fcberwiegend weder ihrer gewerblichen noch ihrer selbstst\u00e4ndigen beruflichen T\u00e4tigkeit zugerechnet werden kann. Vertragspartner Der Kaufvertrag kommt zustande mit H\u00fchnerstall, Inhaber: DLV Germany GmbH, Am Markt 4, 03130 Spremberg, Handelsregister: Registergericht [&hellip;]<\/p>\n","protected":false},"author":1,"featured_media":0,"parent":0,"menu_order":0,"comment_status":"closed","ping_status":"closed","template":"","meta":{"ngg_post_thumbnail":0},"acf":[],"_links":{"self":[{"href":"https:\/\/huehnerstall.com\/index.php?rest_route=\/wp\/v2\/pages\/308"}],"collection":[{"href":"https:\/\/huehnerstall.com\/index.php?rest_route=\/wp\/v2\/pages"}],"about":[{"href":"https:\/\/huehnerstall.com\/index.php?rest_route=\/wp\/v2\/types\/page"}],"author":[{"embeddable":true,"href":"https:\/\/huehnerstall.com\/index.php?rest_route=\/wp\/v2\/users\/1"}],"replies":[{"embeddable":true,"href":"https:\/\/huehnerstall.com\/index.php?rest_route=%2Fwp%2Fv2%2Fcomments&post=308"}],"version-history":[{"count":3,"href":"https:\/\/huehnerstall.com\/index.php?rest_route=\/wp\/v2\/pages\/308\/revisions"}],"predecessor-version":[{"id":350,"href":"https:\/\/huehnerstall.com\/index.php?rest_route=\/wp\/v2\/pages\/308\/revisions\/350"}],"wp:attachment":[{"href":"https:\/\/huehnerstall.com\/index.php?rest_route=%2Fwp%2Fv2%2Fmedia&parent=308"}],"curies":[{"name":"wp","href":"https:\/\/api.w.org\/{rel}","templated":true}]}}