{"id":319,"date":"2020-07-11T22:38:58","date_gmt":"2020-07-11T20:38:58","guid":{"rendered":"https:\/\/huehnerstall.com\/?page_id=319"},"modified":"2022-09-05T12:26:16","modified_gmt":"2022-09-05T10:26:16","slug":"aktuelle-woche","status":"publish","type":"page","link":"https:\/\/huehnerstall.com\/?page_id=319","title":{"rendered":"Mittagstisch"},"content":{"rendered":"<hr>\n<p><strong>Aufgrund der wirtschaftlichen Lage bzw. durch politisch getriebenen krisenbedingten Umsatzr\u00fcckgang sind wir gezwungen, den Betrieb des H\u00fchnerstalls zum Ende des Monats September einzustellen. Im Haus k\u00f6nnen Sie unsere Kantine bis dahin weiterhin nutzen, allerdings wird kein Essen mehr zur Auslieferung angeboten.<\/strong><\/p>\n","protected":false},"excerpt":{"rendered":"<p>Aufgrund der wirtschaftlichen Lage bzw. durch politisch getriebenen krisenbedingten Umsatzr\u00fcckgang sind wir gezwungen, den Betrieb des H\u00fchnerstalls zum Ende des Monats September einzustellen. Im Haus k\u00f6nnen Sie unsere Kantine bis dahin weiterhin nutzen, allerdings wird kein Essen mehr zur Auslieferung angeboten.<\/p>\n","protected":false},"author":1,"featured_media":0,"parent":0,"menu_order":0,"comment_status":"closed","ping_status":"closed","template":"","meta":{"ngg_post_thumbnail":0},"acf":[],"_links":{"self":[{"href":"https:\/\/huehnerstall.com\/index.php?rest_route=\/wp\/v2\/pages\/319"}],"collection":[{"href":"https:\/\/huehnerstall.com\/index.php?rest_route=\/wp\/v2\/pages"}],"about":[{"href":"https:\/\/huehnerstall.com\/index.php?rest_route=\/wp\/v2\/types\/page"}],"author":[{"embeddable":true,"href":"https:\/\/huehnerstall.com\/index.php?rest_route=\/wp\/v2\/users\/1"}],"replies":[{"embeddable":true,"href":"https:\/\/huehnerstall.com\/index.php?rest_route=%2Fwp%2Fv2%2Fcomments&post=319"}],"version-history":[{"count":14,"href":"https:\/\/huehnerstall.com\/index.php?rest_route=\/wp\/v2\/pages\/319\/revisions"}],"predecessor-version":[{"id":1508,"href":"https:\/\/huehnerstall.com\/index.php?rest_route=\/wp\/v2\/pages\/319\/revisions\/1508"}],"wp:attachment":[{"href":"https:\/\/huehnerstall.com\/index.php?rest_route=%2Fwp%2Fv2%2Fmedia&parent=319"}],"curies":[{"name":"wp","href":"https:\/\/api.w.org\/{rel}","templated":true}]}}