{"id":42,"date":"2020-06-25T05:48:50","date_gmt":"2020-06-25T03:48:50","guid":{"rendered":"http:\/\/sekratec.de\/huehnerstall\/?page_id=42"},"modified":"2020-07-07T09:44:15","modified_gmt":"2020-07-07T07:44:15","slug":"darts-billard","status":"publish","type":"page","link":"https:\/\/huehnerstall.com\/?page_id=42","title":{"rendered":"Darts &#038; Billard"},"content":{"rendered":"<p>Ihr habt Langeweile und wisst nicht, was ihr abends machen sollt? Kommt in den H\u00fchnerstall in Spremberg. Neben einer guten Auswahl an Cocktails, Bier vom Fass und vom Tortilla Snack \u00fcber unser hauseigenes W\u00fcrzfleisch hin zum prallgef\u00fcllten Schnitzel mit Pommes Teller, k\u00f6nnt ihr Billard spielen (6\u20ac\/Stunde), Darten und demn\u00e4chst auch an unserem Fun4Four Tisch spielen und einen lustigen Abend verbringen.<\/p>\n<!-- default-view.php -->\n<div\n\tclass=\"ngg-galleryoverview default-view \"\n\tid=\"ngg-gallery-60a6b3b2340d5313af5cb9e5c6fd36ae-1\">\n\n\t\t<!-- Thumbnails -->\n\t\t\t\t<div id=\"ngg-image-0\" class=\"ngg-gallery-thumbnail-box \" >\n\t\t\t\t        <div class=\"ngg-gallery-thumbnail\">\n            <a href=\"https:\/\/huehnerstall.com\/wp-content\/gallery\/keller\/1109.jpg\"\n               title=\"\"\n               data-src=\"https:\/\/huehnerstall.com\/wp-content\/gallery\/keller\/1109.jpg\"\n               data-thumbnail=\"https:\/\/huehnerstall.com\/wp-content\/gallery\/keller\/thumbs\/thumbs_1109.jpg\"\n               data-image-id=\"9\"\n               data-title=\"1109\"\n               data-description=\"\"\n               data-image-slug=\"1109\"\n               class=\"ngg-simplelightbox\" rel=\"60a6b3b2340d5313af5cb9e5c6fd36ae\">\n                <img\n                    title=\"1109\"\n                    alt=\"1109\"\n                    src=\"https:\/\/huehnerstall.com\/wp-content\/gallery\/keller\/thumbs\/thumbs_1109.jpg\"\n                    width=\"240\"\n                    height=\"160\"\n                    style=\"max-width:100%;\"\n                \/>\n            <\/a>\n        <\/div>\n\t\t\t\t\t\t\t<\/div> \n\t\t\t\n\t\t\t\t<div id=\"ngg-image-1\" class=\"ngg-gallery-thumbnail-box \" >\n\t\t\t\t        <div class=\"ngg-gallery-thumbnail\">\n            <a href=\"https:\/\/huehnerstall.com\/wp-content\/gallery\/keller\/1110.jpg\"\n               title=\"\"\n               data-src=\"https:\/\/huehnerstall.com\/wp-content\/gallery\/keller\/1110.jpg\"\n               data-thumbnail=\"https:\/\/huehnerstall.com\/wp-content\/gallery\/keller\/thumbs\/thumbs_1110.jpg\"\n               data-image-id=\"10\"\n               data-title=\"1110\"\n               data-description=\"\"\n               data-image-slug=\"1110\"\n               class=\"ngg-simplelightbox\" rel=\"60a6b3b2340d5313af5cb9e5c6fd36ae\">\n                <img\n                    title=\"1110\"\n                    alt=\"1110\"\n                    src=\"https:\/\/huehnerstall.com\/wp-content\/gallery\/keller\/thumbs\/thumbs_1110.jpg\"\n                    width=\"240\"\n                    height=\"160\"\n                    style=\"max-width:100%;\"\n                \/>\n            <\/a>\n        <\/div>\n\t\t\t\t\t\t\t<\/div> \n\t\t\t\n\t\t\t\t<div id=\"ngg-image-2\" class=\"ngg-gallery-thumbnail-box \" >\n\t\t\t\t        <div class=\"ngg-gallery-thumbnail\">\n            <a href=\"https:\/\/huehnerstall.com\/wp-content\/gallery\/keller\/1111.jpg\"\n               title=\"\"\n               data-src=\"https:\/\/huehnerstall.com\/wp-content\/gallery\/keller\/1111.jpg\"\n               data-thumbnail=\"https:\/\/huehnerstall.com\/wp-content\/gallery\/keller\/thumbs\/thumbs_1111.jpg\"\n               data-image-id=\"11\"\n               data-title=\"1111\"\n               data-description=\"\"\n               data-image-slug=\"1111\"\n               class=\"ngg-simplelightbox\" rel=\"60a6b3b2340d5313af5cb9e5c6fd36ae\">\n                <img\n                    title=\"1111\"\n                    alt=\"1111\"\n                    src=\"https:\/\/huehnerstall.com\/wp-content\/gallery\/keller\/thumbs\/thumbs_1111.jpg\"\n                    width=\"240\"\n                    height=\"160\"\n                    style=\"max-width:100%;\"\n                \/>\n            <\/a>\n        <\/div>\n\t\t\t\t\t\t\t<\/div> \n\t\t\t\n\t\t\t\t<div id=\"ngg-image-3\" class=\"ngg-gallery-thumbnail-box \" >\n\t\t\t\t        <div class=\"ngg-gallery-thumbnail\">\n            <a href=\"https:\/\/huehnerstall.com\/wp-content\/gallery\/keller\/1112.jpg\"\n               title=\"\"\n               data-src=\"https:\/\/huehnerstall.com\/wp-content\/gallery\/keller\/1112.jpg\"\n               data-thumbnail=\"https:\/\/huehnerstall.com\/wp-content\/gallery\/keller\/thumbs\/thumbs_1112.jpg\"\n               data-image-id=\"12\"\n               data-title=\"1112\"\n               data-description=\"\"\n               data-image-slug=\"1112\"\n               class=\"ngg-simplelightbox\" rel=\"60a6b3b2340d5313af5cb9e5c6fd36ae\">\n                <img\n                    title=\"1112\"\n                    alt=\"1112\"\n                    src=\"https:\/\/huehnerstall.com\/wp-content\/gallery\/keller\/thumbs\/thumbs_1112.jpg\"\n                    width=\"240\"\n                    height=\"160\"\n                    style=\"max-width:100%;\"\n                \/>\n            <\/a>\n        <\/div>\n\t\t\t\t\t\t\t<\/div> \n\t\t\t\n\t\t\t\t<div id=\"ngg-image-4\" class=\"ngg-gallery-thumbnail-box \" >\n\t\t\t\t        <div class=\"ngg-gallery-thumbnail\">\n            <a href=\"https:\/\/huehnerstall.com\/wp-content\/gallery\/keller\/1113.jpg\"\n               title=\"\"\n               data-src=\"https:\/\/huehnerstall.com\/wp-content\/gallery\/keller\/1113.jpg\"\n               data-thumbnail=\"https:\/\/huehnerstall.com\/wp-content\/gallery\/keller\/thumbs\/thumbs_1113.jpg\"\n               data-image-id=\"13\"\n               data-title=\"1113\"\n               data-description=\"\"\n               data-image-slug=\"1113\"\n               class=\"ngg-simplelightbox\" rel=\"60a6b3b2340d5313af5cb9e5c6fd36ae\">\n                <img\n                    title=\"1113\"\n                    alt=\"1113\"\n                    src=\"https:\/\/huehnerstall.com\/wp-content\/gallery\/keller\/thumbs\/thumbs_1113.jpg\"\n                    width=\"240\"\n                    height=\"160\"\n                    style=\"max-width:100%;\"\n                \/>\n            <\/a>\n        <\/div>\n\t\t\t\t\t\t\t<\/div> \n\t\t\t\n\t\t\t\t<div id=\"ngg-image-5\" class=\"ngg-gallery-thumbnail-box \" >\n\t\t\t\t        <div class=\"ngg-gallery-thumbnail\">\n            <a href=\"https:\/\/huehnerstall.com\/wp-content\/gallery\/keller\/1114.jpg\"\n               title=\"\"\n               data-src=\"https:\/\/huehnerstall.com\/wp-content\/gallery\/keller\/1114.jpg\"\n               data-thumbnail=\"https:\/\/huehnerstall.com\/wp-content\/gallery\/keller\/thumbs\/thumbs_1114.jpg\"\n               data-image-id=\"14\"\n               data-title=\"1114\"\n               data-description=\"\"\n               data-image-slug=\"1114\"\n               class=\"ngg-simplelightbox\" rel=\"60a6b3b2340d5313af5cb9e5c6fd36ae\">\n                <img\n                    title=\"1114\"\n                    alt=\"1114\"\n                    src=\"https:\/\/huehnerstall.com\/wp-content\/gallery\/keller\/thumbs\/thumbs_1114.jpg\"\n                    width=\"240\"\n                    height=\"160\"\n                    style=\"max-width:100%;\"\n                \/>\n            <\/a>\n        <\/div>\n\t\t\t\t\t\t\t<\/div> \n\t\t\t\n\t\t\t\t<div id=\"ngg-image-6\" class=\"ngg-gallery-thumbnail-box \" >\n\t\t\t\t        <div class=\"ngg-gallery-thumbnail\">\n            <a href=\"https:\/\/huehnerstall.com\/wp-content\/gallery\/keller\/1115.jpg\"\n               title=\"\"\n               data-src=\"https:\/\/huehnerstall.com\/wp-content\/gallery\/keller\/1115.jpg\"\n               data-thumbnail=\"https:\/\/huehnerstall.com\/wp-content\/gallery\/keller\/thumbs\/thumbs_1115.jpg\"\n               data-image-id=\"15\"\n               data-title=\"1115\"\n               data-description=\"\"\n               data-image-slug=\"1115\"\n               class=\"ngg-simplelightbox\" rel=\"60a6b3b2340d5313af5cb9e5c6fd36ae\">\n                <img\n                    title=\"1115\"\n                    alt=\"1115\"\n                    src=\"https:\/\/huehnerstall.com\/wp-content\/gallery\/keller\/thumbs\/thumbs_1115.jpg\"\n                    width=\"240\"\n                    height=\"160\"\n                    style=\"max-width:100%;\"\n                \/>\n            <\/a>\n        <\/div>\n\t\t\t\t\t\t\t<\/div> \n\t\t\t\n\t\t\t\t<div id=\"ngg-image-7\" class=\"ngg-gallery-thumbnail-box \" >\n\t\t\t\t        <div class=\"ngg-gallery-thumbnail\">\n            <a href=\"https:\/\/huehnerstall.com\/wp-content\/gallery\/keller\/1116.jpg\"\n               title=\"\"\n               data-src=\"https:\/\/huehnerstall.com\/wp-content\/gallery\/keller\/1116.jpg\"\n               data-thumbnail=\"https:\/\/huehnerstall.com\/wp-content\/gallery\/keller\/thumbs\/thumbs_1116.jpg\"\n               data-image-id=\"16\"\n               data-title=\"1116\"\n               data-description=\"\"\n               data-image-slug=\"1116\"\n               class=\"ngg-simplelightbox\" rel=\"60a6b3b2340d5313af5cb9e5c6fd36ae\">\n                <img\n                    title=\"1116\"\n                    alt=\"1116\"\n                    src=\"https:\/\/huehnerstall.com\/wp-content\/gallery\/keller\/thumbs\/thumbs_1116.jpg\"\n                    width=\"240\"\n                    height=\"160\"\n                    style=\"max-width:100%;\"\n                \/>\n            <\/a>\n        <\/div>\n\t\t\t\t\t\t\t<\/div> \n\t\t\t\n\t\t\t\t<div id=\"ngg-image-8\" class=\"ngg-gallery-thumbnail-box \" >\n\t\t\t\t        <div class=\"ngg-gallery-thumbnail\">\n            <a href=\"https:\/\/huehnerstall.com\/wp-content\/gallery\/keller\/1117.jpg\"\n               title=\"\"\n               data-src=\"https:\/\/huehnerstall.com\/wp-content\/gallery\/keller\/1117.jpg\"\n               data-thumbnail=\"https:\/\/huehnerstall.com\/wp-content\/gallery\/keller\/thumbs\/thumbs_1117.jpg\"\n               data-image-id=\"17\"\n               data-title=\"1117\"\n               data-description=\"\"\n               data-image-slug=\"1117\"\n               class=\"ngg-simplelightbox\" rel=\"60a6b3b2340d5313af5cb9e5c6fd36ae\">\n                <img\n                    title=\"1117\"\n                    alt=\"1117\"\n                    src=\"https:\/\/huehnerstall.com\/wp-content\/gallery\/keller\/thumbs\/thumbs_1117.jpg\"\n                    width=\"240\"\n                    height=\"160\"\n                    style=\"max-width:100%;\"\n                \/>\n            <\/a>\n        <\/div>\n\t\t\t\t\t\t\t<\/div> \n\t\t\t\n\t\t\t\t<div id=\"ngg-image-9\" class=\"ngg-gallery-thumbnail-box \" >\n\t\t\t\t        <div class=\"ngg-gallery-thumbnail\">\n            <a href=\"https:\/\/huehnerstall.com\/wp-content\/gallery\/keller\/1118.jpg\"\n               title=\"\"\n               data-src=\"https:\/\/huehnerstall.com\/wp-content\/gallery\/keller\/1118.jpg\"\n               data-thumbnail=\"https:\/\/huehnerstall.com\/wp-content\/gallery\/keller\/thumbs\/thumbs_1118.jpg\"\n               data-image-id=\"18\"\n               data-title=\"1118\"\n               data-description=\"\"\n               data-image-slug=\"1118\"\n               class=\"ngg-simplelightbox\" rel=\"60a6b3b2340d5313af5cb9e5c6fd36ae\">\n                <img\n                    title=\"1118\"\n                    alt=\"1118\"\n                    src=\"https:\/\/huehnerstall.com\/wp-content\/gallery\/keller\/thumbs\/thumbs_1118.jpg\"\n                    width=\"240\"\n                    height=\"160\"\n                    style=\"max-width:100%;\"\n                \/>\n            <\/a>\n        <\/div>\n\t\t\t\t\t\t\t<\/div> \n\t\t\t\n\t\t\t\t<div id=\"ngg-image-10\" class=\"ngg-gallery-thumbnail-box \" >\n\t\t\t\t        <div class=\"ngg-gallery-thumbnail\">\n            <a href=\"https:\/\/huehnerstall.com\/wp-content\/gallery\/keller\/1119.jpg\"\n               title=\"\"\n               data-src=\"https:\/\/huehnerstall.com\/wp-content\/gallery\/keller\/1119.jpg\"\n               data-thumbnail=\"https:\/\/huehnerstall.com\/wp-content\/gallery\/keller\/thumbs\/thumbs_1119.jpg\"\n               data-image-id=\"19\"\n               data-title=\"1119\"\n               data-description=\"\"\n               data-image-slug=\"1119\"\n               class=\"ngg-simplelightbox\" rel=\"60a6b3b2340d5313af5cb9e5c6fd36ae\">\n                <img\n                    title=\"1119\"\n                    alt=\"1119\"\n                    src=\"https:\/\/huehnerstall.com\/wp-content\/gallery\/keller\/thumbs\/thumbs_1119.jpg\"\n                    width=\"240\"\n                    height=\"160\"\n                    style=\"max-width:100%;\"\n                \/>\n            <\/a>\n        <\/div>\n\t\t\t\t\t\t\t<\/div> \n\t\t\t\n\t\t\t\t<div id=\"ngg-image-11\" class=\"ngg-gallery-thumbnail-box \" >\n\t\t\t\t        <div class=\"ngg-gallery-thumbnail\">\n            <a href=\"https:\/\/huehnerstall.com\/wp-content\/gallery\/keller\/1120.jpg\"\n               title=\"\"\n               data-src=\"https:\/\/huehnerstall.com\/wp-content\/gallery\/keller\/1120.jpg\"\n               data-thumbnail=\"https:\/\/huehnerstall.com\/wp-content\/gallery\/keller\/thumbs\/thumbs_1120.jpg\"\n               data-image-id=\"20\"\n               data-title=\"1120\"\n               data-description=\"\"\n               data-image-slug=\"1120\"\n               class=\"ngg-simplelightbox\" rel=\"60a6b3b2340d5313af5cb9e5c6fd36ae\">\n                <img\n                    title=\"1120\"\n                    alt=\"1120\"\n                    src=\"https:\/\/huehnerstall.com\/wp-content\/gallery\/keller\/thumbs\/thumbs_1120.jpg\"\n                    width=\"240\"\n                    height=\"160\"\n                    style=\"max-width:100%;\"\n                \/>\n            <\/a>\n        <\/div>\n\t\t\t\t\t\t\t<\/div> \n\t\t\t\n\t\n\t<br style=\"clear: both\" \/>\n\n\t\n\t\t<!-- Pagination -->\n\t<div class='ngg-clear'><\/div>\t<\/div>\n\n","protected":false},"excerpt":{"rendered":"<p>Ihr habt Langeweile und wisst nicht, was ihr abends machen sollt? Kommt in den H\u00fchnerstall in Spremberg. Neben einer guten Auswahl an Cocktails, Bier vom Fass und vom Tortilla Snack \u00fcber unser hauseigenes W\u00fcrzfleisch hin zum prallgef\u00fcllten Schnitzel mit Pommes Teller, k\u00f6nnt ihr Billard spielen (6\u20ac\/Stunde), Darten und demn\u00e4chst auch an unserem Fun4Four Tisch spielen und einen lustigen Abend verbringen. [&hellip;]<\/p>\n","protected":false},"author":1,"featured_media":0,"parent":0,"menu_order":0,"comment_status":"closed","ping_status":"closed","template":"","meta":{"ngg_post_thumbnail":0},"acf":[],"_links":{"self":[{"href":"https:\/\/huehnerstall.com\/index.php?rest_route=\/wp\/v2\/pages\/42"}],"collection":[{"href":"https:\/\/huehnerstall.com\/index.php?rest_route=\/wp\/v2\/pages"}],"about":[{"href":"https:\/\/huehnerstall.com\/index.php?rest_route=\/wp\/v2\/types\/page"}],"author":[{"embeddable":true,"href":"https:\/\/huehnerstall.com\/index.php?rest_route=\/wp\/v2\/users\/1"}],"replies":[{"embeddable":true,"href":"https:\/\/huehnerstall.com\/index.php?rest_route=%2Fwp%2Fv2%2Fcomments&post=42"}],"version-history":[{"count":3,"href":"https:\/\/huehnerstall.com\/index.php?rest_route=\/wp\/v2\/pages\/42\/revisions"}],"predecessor-version":[{"id":234,"href":"https:\/\/huehnerstall.com\/index.php?rest_route=\/wp\/v2\/pages\/42\/revisions\/234"}],"wp:attachment":[{"href":"https:\/\/huehnerstall.com\/index.php?rest_route=%2Fwp%2Fv2%2Fmedia&parent=42"}],"curies":[{"name":"wp","href":"https:\/\/api.w.org\/{rel}","templated":true}]}}