{"id":423,"date":"2020-07-13T17:35:38","date_gmt":"2020-07-13T15:35:38","guid":{"rendered":"https:\/\/huehnerstall.com\/?page_id=423"},"modified":"2021-10-12T15:52:43","modified_gmt":"2021-10-12T13:52:43","slug":"taeglich","status":"publish","type":"page","link":"https:\/\/huehnerstall.com\/?page_id=423","title":{"rendered":"Immer im Angebot"},"content":{"rendered":"<p>Wir liefern t\u00e4glich (Montag bis Freitag) zwischen 11:30 Uhr und 13:00 Uhr innerhalb von Spremberg (auch Schwarze Pumpe, Sellessen) frei Haus. Sie erhalten Ihr Essen frisch auf dem Teller in Thermoboxen und bezahlen wahlweise t\u00e4glich oder w\u00f6chentlich. Bestellungen werden t\u00e4glich (Montag bis Freitag) bis 10 Uhr angenommen. Sie k\u00f6nnen aber auch bequem f\u00fcr die ganze Woche oder einzelne Tage bestellen.<\/p>\n<p>[Product_Table id=&#8217;421&#8242; name=&#8217;T\u00e4glich&#8216;]<\/p>\n","protected":false},"excerpt":{"rendered":"<p>Wir liefern t\u00e4glich (Montag bis Freitag) zwischen 11:30 Uhr und 13:00 Uhr innerhalb von Spremberg (auch Schwarze Pumpe, Sellessen) frei Haus. Sie erhalten Ihr Essen frisch auf dem Teller in Thermoboxen und bezahlen wahlweise t\u00e4glich oder w\u00f6chentlich. Bestellungen werden t\u00e4glich (Montag bis Freitag) bis 10 Uhr angenommen. Sie k\u00f6nnen aber auch bequem f\u00fcr die ganze Woche oder einzelne Tage bestellen. [&hellip;]<\/p>\n","protected":false},"author":1,"featured_media":0,"parent":0,"menu_order":0,"comment_status":"closed","ping_status":"closed","template":"","meta":{"ngg_post_thumbnail":0},"acf":[],"_links":{"self":[{"href":"https:\/\/huehnerstall.com\/index.php?rest_route=\/wp\/v2\/pages\/423"}],"collection":[{"href":"https:\/\/huehnerstall.com\/index.php?rest_route=\/wp\/v2\/pages"}],"about":[{"href":"https:\/\/huehnerstall.com\/index.php?rest_route=\/wp\/v2\/types\/page"}],"author":[{"embeddable":true,"href":"https:\/\/huehnerstall.com\/index.php?rest_route=\/wp\/v2\/users\/1"}],"replies":[{"embeddable":true,"href":"https:\/\/huehnerstall.com\/index.php?rest_route=%2Fwp%2Fv2%2Fcomments&post=423"}],"version-history":[{"count":6,"href":"https:\/\/huehnerstall.com\/index.php?rest_route=\/wp\/v2\/pages\/423\/revisions"}],"predecessor-version":[{"id":1022,"href":"https:\/\/huehnerstall.com\/index.php?rest_route=\/wp\/v2\/pages\/423\/revisions\/1022"}],"wp:attachment":[{"href":"https:\/\/huehnerstall.com\/index.php?rest_route=%2Fwp%2Fv2%2Fmedia&parent=423"}],"curies":[{"name":"wp","href":"https:\/\/api.w.org\/{rel}","templated":true}]}}